{"id":70,"date":"2019-09-29T18:12:05","date_gmt":"2019-09-29T16:12:05","guid":{"rendered":"http:\/\/ms.gellnerka.cz\/subdom\/ms\/?page_id=70"},"modified":"2026-01-20T17:30:46","modified_gmt":"2026-01-20T16:30:46","slug":"zamestnanci-ms","status":"publish","type":"page","link":"https:\/\/ms.gellnerka.cz\/subdom\/ms\/materska-skola\/zamestnanci-ms\/","title":{"rendered":"Zam\u011bstnanci M\u0160"},"content":{"rendered":"<h3><strong>Veden\u00ed \u0161koly<\/strong><\/h3>\n<p style=\"padding-left: 80px;\">\u0158editelka \u0161koly: PhDr. Lenka Vrbeck\u00e1 Dole\u017ealov\u00e1, Ph.D., e-mail: <a href=\"mailto:lenka.vrbecka@gellnerka.cz\" target=\"_blank\" rel=\"noopener\">lenka.vrbecka@gellnerka.cz<\/a><\/p>\n<p style=\"padding-left: 80px;\">Z\u00e1stupkyn\u011b \u0159editelky mate\u0159sk\u00e9 \u0161koly Bc. Eva LaRocca, e-mail: <a href=\"mailto:eva.larocca@gellnerka.cz\">eva.larocca@gellnerka.cz<\/a>, tel: 606 047 613<\/p>\n<h3><strong>Pedagogov\u00e9<\/strong><\/h3>\n<p style=\"padding-left: 80px;\">Bc. Eva LaRocca &#8211; <a href=\"mailto:eva.larocca@gellnerka.cz\">eva.larocca@gellnerka.cz<\/a><\/p>\n<p style=\"padding-left: 80px;\">Bc. Lucie Zvonkov\u00e1 &#8211; <a href=\"mailto:lucie.zvonkova@gellnerka.cz\">lucie.zvonkova@gellnerka.cz<\/a><\/p>\n<p style=\"padding-left: 80px;\">Mgr. Lucie \u017d\u010f\u00e1rsk\u00e1 &#8211; <a href=\"mailto:lucie.zdarska@gellnerka.cz\">lucie.zdarska@gellnerka.cz<\/a><\/p>\n<p style=\"padding-left: 80px;\">Bc. Alena Nov\u00e1kov\u00e1 &#8211; <a href=\"mailto:alena.novakova@gellnerka.cz\">alena.novakova@gellnerka.cz<\/a><\/p>\n<p style=\"padding-left: 80px;\">Bc. Eli\u0161ka Bohu\u0161ov\u00e1 &#8211; <a href=\"mailto:eliska.bohusova@gellnerka.cz\">eliska.bohusova@gellnerka.cz<\/a><\/p>\n<h3><strong>Asistenti pedagoga<\/strong><\/h3>\n<p style=\"padding-left: 80px;\">Bc. Diana Ratajov\u00e1 &#8211; <a href=\"mailto:diana.ratajova@gellnerka.cz\">diana.ratajova@gellnerka.cz<\/a><\/p>\n<p style=\"padding-left: 80px;\">Mark\u00e9ta K\u00fchnelov\u00e1, Dis. &#8211; <a href=\"mailto:marketa.kuhnelova@gellnerka.cz\">marketa.kuhnelova@gellnerka.cz<\/a><\/p>\n<p style=\"padding-left: 80px;\">Bc. Alena Nov\u00e1kov\u00e1- <a href=\"mailto:alena.novakova@gellnerka.cz\">alena.novakova@gellnerka.cz<\/a><\/p>\n<h3><strong>\u0160koln\u00ed psycholog<\/strong><\/h3>\n<p style=\"padding-left: 80px;\">Mgr. Krist\u00fdna Pavlovsk\u00e1 &#8211; <a href=\"mailto:kristyna.pavlovska@gellnerka.cz\">kristyna.pavlovska@gellnerka.cz<\/a><\/p>\n<p style=\"padding-left: 80px;\"><span data-olk-copy-source=\"MessageBody\">Sch\u016fzky po p\u0159edchoz\u00ed e-mailov\u00e9 domluv\u011b.<\/span><\/p>\n<h3><strong>Provozn\u00ed zam\u011bstnanci<\/strong><\/h3>\n<p style=\"padding-left: 80px;\">Ing. Dagmar Bal\u00e1\u0161 Mat\u011bj\u00ed\u010dkov\u00e1 (\u00fa\u010detn\u00ed) &#8211; <a href=\"mailto:ekonom@gellnerka.cz\"><span data-olk-copy-source=\"MessageBody\">ekonom@gellnerka.cz<\/span><\/a><\/p>\n<p style=\"padding-left: 80px;\">Ivana Vrbkov\u00e1 (hlavn\u00ed \u00fa\u010detn\u00ed, spr\u00e1vce rozpo\u010dtu) &#8211; <a href=\"mailto:ivana.vrbkova@gellnerka.cz\"><span data-olk-copy-source=\"MessageBody\">ivana.vrbkova@gellnerka.cz<\/span><\/a><\/p>\n<p style=\"padding-left: 80px;\">Petra Ferusov\u00e1 (mzdov\u00e1 \u00fa\u010detn\u00ed, personalistka) &#8211; <a href=\"mailto:perta.ferusova@gellnerka.cz\">perta.ferusova@gellnerka.cz<\/a><\/p>\n<p style=\"padding-left: 80px;\">Radek Kozdera (kucha\u0159) &#8211; <a href=\"mailto:radek.kozdera@gellnerka.cz\">radek.kozdera@gellnerka.cz<\/a><\/p>\n<p style=\"padding-left: 80px;\">Jana N\u011bme\u010dkov\u00e1 (ukl\u00edze\u010dka a pomoc v kuchyni) &#8211; <a href=\"mailto:jana.nemeckova@gellnerka.cz\">jana.nemeckova@gellnerka.cz<\/a><\/p>\n<p style=\"padding-left: 80px;\">Marta Syrov\u00e1 (vedouc\u00ed \u0161koln\u00edho stravov\u00e1n\u00ed) &#8211; <a href=\"mailto:marta.syrova@gellnerka.cz\">marta.syrova@gellnerka.cz<\/a><\/p>\n","protected":false},"excerpt":{"rendered":"<p>Veden\u00ed \u0161koly \u0158editelka \u0161koly: PhDr. Lenka Vrbeck\u00e1 Dole\u017ealov\u00e1, Ph.D., e-mail: lenka.vrbecka@gellnerka.cz Z\u00e1stupkyn\u011b \u0159editelky mate\u0159sk\u00e9 \u0161koly Bc. Eva LaRocca, e-mail: eva.larocca@gellnerka.cz, tel: 606 047 613 Pedagogov\u00e9 Bc. Eva LaRocca &#8211; eva.larocca@gellnerka.cz Bc. Lucie Zvonkov\u00e1 &#8211; lucie.zvonkova@gellnerka.cz Mgr. Lucie \u017d\u010f\u00e1rsk\u00e1 &#8211; lucie.zdarska@gellnerka.cz Bc. Alena Nov\u00e1kov\u00e1 &#8211; alena.novakova@gellnerka.cz Bc. Eli\u0161ka Bohu\u0161ov\u00e1 &#8211; eliska.bohusova@gellnerka.cz Asistenti pedagoga Bc. Diana Ratajov\u00e1 &hellip;<\/p>\n<p class=\"read-more\"> <a class=\"\" href=\"https:\/\/ms.gellnerka.cz\/subdom\/ms\/materska-skola\/zamestnanci-ms\/\"> <span class=\"screen-reader-text\">Zam\u011bstnanci M\u0160<\/span> Pokra\u010dovat ve \u010dten\u00ed &raquo;<\/a><\/p>\n","protected":false},"author":1,"featured_media":0,"parent":22,"menu_order":0,"comment_status":"closed","ping_status":"closed","template":"","meta":[],"_links":{"self":[{"href":"https:\/\/ms.gellnerka.cz\/subdom\/ms\/wp-json\/wp\/v2\/pages\/70"}],"collection":[{"href":"https:\/\/ms.gellnerka.cz\/subdom\/ms\/wp-json\/wp\/v2\/pages"}],"about":[{"href":"https:\/\/ms.gellnerka.cz\/subdom\/ms\/wp-json\/wp\/v2\/types\/page"}],"author":[{"embeddable":true,"href":"https:\/\/ms.gellnerka.cz\/subdom\/ms\/wp-json\/wp\/v2\/users\/1"}],"replies":[{"embeddable":true,"href":"https:\/\/ms.gellnerka.cz\/subdom\/ms\/wp-json\/wp\/v2\/comments?post=70"}],"version-history":[{"count":25,"href":"https:\/\/ms.gellnerka.cz\/subdom\/ms\/wp-json\/wp\/v2\/pages\/70\/revisions"}],"predecessor-version":[{"id":2048,"href":"https:\/\/ms.gellnerka.cz\/subdom\/ms\/wp-json\/wp\/v2\/pages\/70\/revisions\/2048"}],"up":[{"embeddable":true,"href":"https:\/\/ms.gellnerka.cz\/subdom\/ms\/wp-json\/wp\/v2\/pages\/22"}],"wp:attachment":[{"href":"https:\/\/ms.gellnerka.cz\/subdom\/ms\/wp-json\/wp\/v2\/media?parent=70"}],"curies":[{"name":"wp","href":"https:\/\/api.w.org\/{rel}","templated":true}]}}