{"id":68,"date":"2019-09-29T18:11:49","date_gmt":"2019-09-29T16:11:49","guid":{"rendered":"http:\/\/ms.gellnerka.cz\/subdom\/ms\/?page_id=68"},"modified":"2024-01-21T16:45:49","modified_gmt":"2024-01-21T15:45:49","slug":"predstaveni-materske-skoly","status":"publish","type":"page","link":"https:\/\/ms.gellnerka.cz\/subdom\/ms\/materska-skola\/predstaveni-materske-skoly\/","title":{"rendered":"P\u0159edstaven\u00ed mate\u0159sk\u00e9 \u0161koly"},"content":{"rendered":"<p><strong>O N\u00c1S <\/strong><\/p>\n<p style=\"text-align: justify;\">Mate\u0159sk\u00e1 \u0161kola je sou\u010d\u00e1st\u00ed M\u0160, Z\u0160 a S\u0160 Gellnerka Brno, tedy \u0161koly, kde se mohou vzd\u011bl\u00e1vat d\u011bti se sluchov\u00fdm posti\u017een\u00edm a nov\u011b tak\u00e9 d\u011bti s naru\u0161enou komunika\u010dn\u00ed schopnost\u00ed. \u0160kola je z\u0159\u00edzena podle \u00a716 odst. 9 \u0161kolsk\u00e9ho z\u00e1kona. Budova \u0161koly je um\u00edst\u011bna v klidn\u00e9, okrajov\u00e9 \u010d\u00e1sti Brna.<\/p>\n<p><strong>Prost\u0159ed\u00ed<\/strong><\/p>\n<p style=\"text-align: justify;\">Na\u0161e mate\u0159sk\u00e1 \u0161kola m\u00e1 k dispozici dv\u011b prosv\u011btlen\u00e9 t\u0159\u00eddy vybaven\u00e9 mno\u017estv\u00edm didaktick\u00fdch her, kter\u00e9 nab\u00edzej\u00ed d\u011btem podn\u011btn\u00e9 prost\u0159ed\u00ed pro jejich rozvoj a z\u00e1bavu. Sou\u010d\u00e1st\u00ed je m\u00edstnost pro odpoledn\u00ed odpo\u010dinek a relaxa\u010dn\u00ed koutek. Ka\u017ed\u00e1 t\u0159\u00edda m\u00e1 vlastn\u00ed \u0161atnu a soci\u00e1ln\u00ed za\u0159\u00edzen\u00ed. \u0160kola m\u00e1 rozlehlou p\u0159\u00edrodn\u00ed zahradu se vzrostl\u00fdmi stromy, hrac\u00edmi prvky, h\u0159i\u0161t\u011bm pro m\u00ed\u010dov\u00e9 hry, chodn\u00edky pro j\u00edzdu na kolob\u011b\u017ek\u00e1ch a odr\u00e1\u017eedlech, z\u00e1honky pro p\u011bstov\u00e1n\u00ed rostlin a z\u00e1zem\u00ed pro spole\u010dn\u00e9 chv\u00edle s rodi\u010di u ohni\u0161t\u011b.<\/p>\n<p><strong>Zam\u011b\u0159en\u00ed t\u0159\u00edd<\/strong><\/p>\n<p style=\"text-align: justify;\">D\u011bti jsou rozd\u011bleny do dvou t\u0159\u00edd. V ka\u017ed\u00e9 t\u0159\u00edd\u011b je kapacita stanovena na 12 d\u011bt\u00ed, co\u017e n\u00e1m umo\u017e\u0148uje kvalitn\u00ed a individu\u00e1ln\u00ed p\u0159\u00edstup ke v\u0161em d\u011btem. T\u0159\u00eddy jsou heterogenn\u00ed. V obou t\u0159\u00edd\u00e1ch se znakuje i mluv\u00ed. Aktivity obou t\u0159\u00edd jsou propojen\u00e9, co\u017e umo\u017e\u0148uje vytv\u00e1\u0159en\u00ed kamar\u00e1dsk\u00fdch vztah\u016f mezi d\u011btmi nad r\u00e1mec vlastn\u00ed t\u0159\u00eddy a t\u00edm i rozvoj komunikace.<\/p>\n<p><strong>Kr\u00e1sa r\u016fznorodosti<\/strong><\/p>\n<p style=\"text-align: justify;\">Prost\u0159ed\u00ed mate\u0159sk\u00e9 \u0161koly je kamar\u00e1dsk\u00e9 a vst\u0159\u00edcn\u00e9 ke v\u0161em d\u011btem i dosp\u011bl\u00fdm. St\u00e1le pracujeme na pozitivn\u00edm t\u0159\u00eddn\u00edm i \u0161koln\u00edm klimatu. K d\u011btem p\u0159istupujeme individu\u00e1ln\u011b a podporujeme jejich za\u010dlen\u011bn\u00ed do kolektivu v souladu s jejich pot\u0159ebami. Pro nov\u011b p\u0159\u00edchoz\u00ed d\u011bti je p\u0159ipravena mo\u017enost adapta\u010dn\u00edho obdob\u00ed, kdy si postupn\u011b zvykaj\u00ed na prost\u0159ed\u00ed M\u0160. V mate\u0159sk\u00e9 \u0161kole jsou d\u011bti s r\u016fzn\u00fdmi stupni posti\u017een\u00ed, navz\u00e1jem se tak od sebe naprosto p\u0159irozen\u011b u\u010d\u00ed ohleduplnosti, pomoci druh\u00e9mu a v\u0161em dal\u0161\u00edm pozitiv\u016fm, kter\u00e9 s sebou p\u0159in\u00e1\u0161\u00ed r\u016fznorod\u00fd kolektiv veden\u00fd k vz\u00e1jemn\u00e9 harmonii. Ke v\u0161em d\u011btem je uplat\u0148ov\u00e1n individu\u00e1ln\u00ed p\u0159\u00edstup. Vzd\u011bl\u00e1v\u00e1n\u00ed d\u011bt\u00ed je organizov\u00e1no ve v\u011bkov\u011b sm\u00ed\u0161en\u00fdch t\u0159\u00edd\u00e1ch, kde vzd\u011bl\u00e1vac\u00ed nab\u00eddka odpov\u00edd\u00e1 v\u011bku, mentalit\u011b d\u011bt\u00ed a jejich pot\u0159eb\u00e1m na z\u00e1klad\u011b diferencov\u00e1n\u00ed aktivit. D\u011btem je tak\u00e9 poskytnut dostate\u010dn\u00fd prostor na spont\u00e1nn\u00ed hru, ve kter\u00e9 probouz\u00ed sv\u00e9 kreativn\u00ed my\u0161len\u00ed a prohlubuj\u00ed vztahy s kamar\u00e1dy, u\u010d\u00ed se komunikovat.<\/p>\n<p><strong>Spolupr\u00e1ce<\/strong><\/p>\n<p style=\"text-align: justify;\">Sna\u017e\u00edme se \u00fazce spolupracovat s\u00a0rodi\u010di a potk\u00e1vat se na spole\u010dn\u00fdch akc\u00edch pro d\u011bti i rodi\u010de. Rodi\u010de se d\u00edky tomu pozn\u00e1vaj\u00ed mezi sebou, d\u011bti vid\u00ed, jak rodi\u010de komunikuj\u00ed s u\u010ditelkami a \u017ee i rodi\u010de zvl\u00e1dnou pobyt v mate\u0159sk\u00e9 \u0161kole. Rodi\u010de n\u00e1m pom\u00e1haj\u00ed pe\u010dovat o zahradu a pom\u00e1haj\u00ed n\u00e1m materi\u00e1ln\u00edm vybaven\u00edm (pap\u00edry, jahody, raj\u010data, hra\u010dky\u2026). Ka\u017ed\u00e1 u\u010ditelka mate\u0159sk\u00e9 \u0161koly m\u00e1 ve sv\u00e9m rozvrhu vymezen\u00e9 konzulta\u010dn\u00ed hodiny, ve kter\u00fdch mohou rodi\u010de p\u0159ij\u00edt a informovat se o chov\u00e1n\u00ed a vzd\u011bl\u00e1v\u00e1n\u00ed d\u011bt\u00ed.<\/p>\n<p style=\"text-align: justify;\">V\u00fdbornou spolupr\u00e1ci m\u00e1me tak\u00e9 se Speci\u00e1ln\u00edm pedagogick\u00fdm centrem, kter\u00e9 s\u00eddl\u00ed hned vedle t\u0159\u00edd mate\u0159sk\u00e9 \u0161koly. Zam\u011bstnanci SPC maj\u00ed v\u0161echny d\u011bti z na\u0161\u00ed M\u0160 ve sv\u00e9 p\u00e9\u010di, m\u016f\u017eeme tak velmi rychle a efektivn\u011b konzultovat p\u0159\u00edpadn\u00e9 obt\u00ed\u017ee ve vzd\u011bl\u00e1v\u00e1n\u00ed a m\u016f\u017eeme si tak\u00e9 velmi rychle p\u0159ed\u00e1vat informace.<\/p>\n<p style=\"text-align: justify;\">V r\u00e1mci dlouhodob\u00e9 spolupr\u00e1ce chceme udr\u017eet pravideln\u00e9 setk\u00e1v\u00e1n\u00ed v r\u00e1mci canisterapie, arteterapie.\u00a0 V r\u00e1mci dramatiky a divadla m\u016f\u017eeme hovo\u0159it o spolupr\u00e1ci o divadeln\u00edch d\u00edlni\u010dk\u00e1ch se studentkami DIFA JAMU z oboru Ateli\u00e9r v\u00fdchovn\u00e9 dramatiky Nesly\u0161\u00edc\u00edch, o Terapii loutkou.<\/p>\n","protected":false},"excerpt":{"rendered":"<p>O N\u00c1S Mate\u0159sk\u00e1 \u0161kola je sou\u010d\u00e1st\u00ed M\u0160, Z\u0160 a S\u0160 Gellnerka Brno, tedy \u0161koly, kde se mohou vzd\u011bl\u00e1vat d\u011bti se sluchov\u00fdm posti\u017een\u00edm a nov\u011b tak\u00e9 d\u011bti s naru\u0161enou komunika\u010dn\u00ed schopnost\u00ed. \u0160kola je z\u0159\u00edzena podle \u00a716 odst. 9 \u0161kolsk\u00e9ho z\u00e1kona. Budova \u0161koly je um\u00edst\u011bna v klidn\u00e9, okrajov\u00e9 \u010d\u00e1sti Brna. Prost\u0159ed\u00ed Na\u0161e mate\u0159sk\u00e1 \u0161kola m\u00e1 k dispozici &hellip;<\/p>\n<p class=\"read-more\"> <a class=\"\" href=\"https:\/\/ms.gellnerka.cz\/subdom\/ms\/materska-skola\/predstaveni-materske-skoly\/\"> <span class=\"screen-reader-text\">P\u0159edstaven\u00ed mate\u0159sk\u00e9 \u0161koly<\/span> Pokra\u010dovat ve \u010dten\u00ed &raquo;<\/a><\/p>\n","protected":false},"author":1,"featured_media":0,"parent":22,"menu_order":0,"comment_status":"closed","ping_status":"closed","template":"","meta":[],"_links":{"self":[{"href":"https:\/\/ms.gellnerka.cz\/subdom\/ms\/wp-json\/wp\/v2\/pages\/68"}],"collection":[{"href":"https:\/\/ms.gellnerka.cz\/subdom\/ms\/wp-json\/wp\/v2\/pages"}],"about":[{"href":"https:\/\/ms.gellnerka.cz\/subdom\/ms\/wp-json\/wp\/v2\/types\/page"}],"author":[{"embeddable":true,"href":"https:\/\/ms.gellnerka.cz\/subdom\/ms\/wp-json\/wp\/v2\/users\/1"}],"replies":[{"embeddable":true,"href":"https:\/\/ms.gellnerka.cz\/subdom\/ms\/wp-json\/wp\/v2\/comments?post=68"}],"version-history":[{"count":7,"href":"https:\/\/ms.gellnerka.cz\/subdom\/ms\/wp-json\/wp\/v2\/pages\/68\/revisions"}],"predecessor-version":[{"id":1163,"href":"https:\/\/ms.gellnerka.cz\/subdom\/ms\/wp-json\/wp\/v2\/pages\/68\/revisions\/1163"}],"up":[{"embeddable":true,"href":"https:\/\/ms.gellnerka.cz\/subdom\/ms\/wp-json\/wp\/v2\/pages\/22"}],"wp:attachment":[{"href":"https:\/\/ms.gellnerka.cz\/subdom\/ms\/wp-json\/wp\/v2\/media?parent=68"}],"curies":[{"name":"wp","href":"https:\/\/api.w.org\/{rel}","templated":true}]}}