{"id":370,"date":"2025-04-26T22:09:57","date_gmt":"2025-04-26T20:09:57","guid":{"rendered":"http:\/\/ms.gellnerka.cz\/subdom\/ms\/?page_id=370"},"modified":"2026-01-30T10:01:16","modified_gmt":"2026-01-30T09:01:16","slug":"skolni-jidelna","status":"publish","type":"page","link":"https:\/\/ms.gellnerka.cz\/subdom\/ms\/skolni-jidelna\/","title":{"rendered":"\u0160koln\u00ed j\u00eddelna"},"content":{"rendered":"<p><strong>\u010c\u00e1stka:<\/strong><\/p>\n<ul>\n<li>1000 K\u010d m\u011bs\u00ed\u010dn\u011b (pau\u0161\u00e1ln\u00ed platba) \u2013 celodenn\u00ed pobyt<\/li>\n<li>800 K\u010d m\u011bs\u00ed\u010dn\u011b (pau\u0161\u00e1ln\u00ed platba) \u2013 polodenn\u00ed pobyt<\/li>\n<\/ul>\n<p><strong>Term\u00edn splatnosti:<\/strong> do 25. dne m\u011bs\u00edce p\u0159edch\u00e1zej\u00edc\u00edho m\u011bs\u00edci, ve kter\u00e9m bude d\u00edt\u011b odeb\u00edrat ob\u011bdy (nap\u0159. stravn\u00e9 za z\u00e1\u0159\u00ed je splatn\u00e9 do 25. srpna).<\/p>\n<p><strong>Zp\u016fsob platby:<\/strong> bankovn\u00ed p\u0159evod<\/p>\n<p><strong>\u010c\u00edslo \u00fa\u010dtu:<\/strong> 31136621\/0100<\/p>\n<p><strong>Pozn\u00e1mka k platb\u011b:<\/strong> jm\u00e9no d\u00edt\u011bte + stravn\u00e9<\/p>\n<p><strong>Platba v hotovosti na pokladn\u011b \u0161koly:<\/strong><\/p>\n<p>Provozn\u00ed doba pokladny: \u00fater\u00fd a \u010dtvrtek 8:00 \u2013 16:00<\/p>\n<p><strong>P\u0159eplatky:<\/strong> P\u0159eplatky budou vr\u00e1ceny pololetn\u011b.<\/p>\n<h3>Ceny stravn\u00e9ho<\/h3>\n<table border=\"1\" cellspacing=\"0\" cellpadding=\"5\">\n<thead>\n<tr>\n<th><\/th>\n<th>D\u011bti do 7 let<\/th>\n<th>D\u011bti od 7 let<\/th>\n<\/tr>\n<\/thead>\n<tbody>\n<tr>\n<td>P\u0159esn\u00edd\u00e1vka<\/td>\n<td>10 K\u010d<\/td>\n<td>11 K\u010d<\/td>\n<\/tr>\n<tr>\n<td>Ob\u011bd<\/td>\n<td>26 K\u010d<\/td>\n<td>34 K\u010d<\/td>\n<\/tr>\n<tr>\n<td>Sva\u010dina<\/td>\n<td>10 K\u010d<\/td>\n<td>10 K\u010d<\/td>\n<\/tr>\n<\/tbody>\n<\/table>\n<h3>Odhla\u0161ov\u00e1n\u00ed a p\u0159ihla\u0161ov\u00e1n\u00ed stravy<\/h3>\n<p>P\u0159ihla\u0161ov\u00e1n\u00ed a odhl\u00e1\u0161en\u00ed stravy lze prov\u00e9st v doch\u00e1zkov\u00e9m archu um\u00edst\u011bn\u00e9m v \u0161atn\u011b \u010di SMS zpr\u00e1vou na mobil M\u0160, nejpozd\u011bji v\u0161ak do 7:00 hod. dan\u00e9ho dne.<\/p>\n<p>Pokud d\u00edt\u011b n\u00e1hle onemocn\u00ed, ob\u011bd si prvn\u00ed den nemoci mohou rodi\u010de vyzvednout v kuchyni (zadn\u00ed vchod) v dob\u011b od 11:00 do 11:30.<\/p>\n<p>Odhl\u00e1\u0161en\u00ed odpoledn\u00ed sva\u010diny (d\u00edt\u011b jde po ob\u011bd\u011b dom\u016f) je mo\u017en\u00e9 do 7:00 r\u00e1no dan\u00e9ho dne. Odeb\u00edr\u00e1n\u00ed odpoledn\u00edch sva\u010din p\u0159i odchodu po ob\u011bd\u011b nen\u00ed z hygienick\u00fdch d\u016fvod\u016f ji\u017e mo\u017en\u00e9.<\/p>\n<p>V p\u0159\u00edpad\u011b, \u017ee d\u00edt\u011b nikdo neodhl\u00e1s\u00ed, ob\u011bd propad\u00e1 a rodi\u010de mus\u00ed tento dluh uhradit.<\/p>\n<p><strong>Vedouc\u00ed kuchyn\u011b:<\/strong> Marta Syrov\u00e1<br \/>\n<strong>Tel.:<\/strong> 548 526 934<br \/>\n<strong>E-mail:<\/strong> <a href=\"mailto:jidelna@gellnerka.cz\">jidelna@gellnerka.cz<\/a><\/p>\n","protected":false},"excerpt":{"rendered":"<p>\u010c\u00e1stka: 1000 K\u010d m\u011bs\u00ed\u010dn\u011b (pau\u0161\u00e1ln\u00ed platba) \u2013 celodenn\u00ed pobyt 800 K\u010d m\u011bs\u00ed\u010dn\u011b (pau\u0161\u00e1ln\u00ed platba) \u2013 polodenn\u00ed pobyt Term\u00edn splatnosti: do 25. dne m\u011bs\u00edce p\u0159edch\u00e1zej\u00edc\u00edho m\u011bs\u00edci, ve kter\u00e9m bude d\u00edt\u011b odeb\u00edrat ob\u011bdy (nap\u0159. stravn\u00e9 za z\u00e1\u0159\u00ed je splatn\u00e9 do 25. srpna). Zp\u016fsob platby: bankovn\u00ed p\u0159evod \u010c\u00edslo \u00fa\u010dtu: 31136621\/0100 Pozn\u00e1mka k platb\u011b: jm\u00e9no d\u00edt\u011bte + stravn\u00e9 Platba &hellip;<\/p>\n<p class=\"read-more\"> <a class=\"\" href=\"https:\/\/ms.gellnerka.cz\/subdom\/ms\/skolni-jidelna\/\"> <span class=\"screen-reader-text\">\u0160koln\u00ed j\u00eddelna<\/span> Pokra\u010dovat ve \u010dten\u00ed &raquo;<\/a><\/p>\n","protected":false},"author":1,"featured_media":0,"parent":0,"menu_order":0,"comment_status":"closed","ping_status":"closed","template":"","meta":[],"_links":{"self":[{"href":"https:\/\/ms.gellnerka.cz\/subdom\/ms\/wp-json\/wp\/v2\/pages\/370"}],"collection":[{"href":"https:\/\/ms.gellnerka.cz\/subdom\/ms\/wp-json\/wp\/v2\/pages"}],"about":[{"href":"https:\/\/ms.gellnerka.cz\/subdom\/ms\/wp-json\/wp\/v2\/types\/page"}],"author":[{"embeddable":true,"href":"https:\/\/ms.gellnerka.cz\/subdom\/ms\/wp-json\/wp\/v2\/users\/1"}],"replies":[{"embeddable":true,"href":"https:\/\/ms.gellnerka.cz\/subdom\/ms\/wp-json\/wp\/v2\/comments?post=370"}],"version-history":[{"count":185,"href":"https:\/\/ms.gellnerka.cz\/subdom\/ms\/wp-json\/wp\/v2\/pages\/370\/revisions"}],"predecessor-version":[{"id":2056,"href":"https:\/\/ms.gellnerka.cz\/subdom\/ms\/wp-json\/wp\/v2\/pages\/370\/revisions\/2056"}],"wp:attachment":[{"href":"https:\/\/ms.gellnerka.cz\/subdom\/ms\/wp-json\/wp\/v2\/media?parent=370"}],"curies":[{"name":"wp","href":"https:\/\/api.w.org\/{rel}","templated":true}]}}