{"id":20,"date":"2019-09-29T17:14:01","date_gmt":"2019-09-29T15:14:01","guid":{"rendered":"http:\/\/ms.gellnerka.cz\/subdom\/ms\/?page_id=20"},"modified":"2025-05-26T18:46:49","modified_gmt":"2025-05-26T16:46:49","slug":"uredni-deska","status":"publish","type":"page","link":"https:\/\/ms.gellnerka.cz\/subdom\/ms\/uredni-deska\/","title":{"rendered":"\u00da\u0159edn\u00ed deska"},"content":{"rendered":"<h3>26.5.2025<\/h3>\n<p><a href=\"https:\/\/ms.gellnerka.cz\/subdom\/ms\/wp-content\/uploads\/2025\/05\/MS_seznam-prijatych-uchazecu.pdf\">Seznam p\u0159ijat\u00fdch uchaze\u010d\u016f pro \u0161koln\u00ed rok 2025\/2026<\/a><\/p>\n<h3><strong>11.4.2025\u00a0<\/strong><\/h3>\n<p><a href=\"https:\/\/ms.gellnerka.cz\/subdom\/ms\/wp-content\/uploads\/2025\/04\/Informace-k-zapisu-do-MS-pro-2025-2026.pdf\">Informace k z\u00e1pisu do M\u0160 pro \u0161koln\u00ed rok 2025\/2026 <\/a><\/p>\n<p>&nbsp;<\/p>\n","protected":false},"excerpt":{"rendered":"<p>26.5.2025 Seznam p\u0159ijat\u00fdch uchaze\u010d\u016f pro \u0161koln\u00ed rok 2025\/2026 11.4.2025\u00a0 Informace k z\u00e1pisu do M\u0160 pro \u0161koln\u00ed rok 2025\/2026 &nbsp;<\/p>\n","protected":false},"author":1,"featured_media":0,"parent":0,"menu_order":0,"comment_status":"closed","ping_status":"closed","template":"","meta":[],"_links":{"self":[{"href":"https:\/\/ms.gellnerka.cz\/subdom\/ms\/wp-json\/wp\/v2\/pages\/20"}],"collection":[{"href":"https:\/\/ms.gellnerka.cz\/subdom\/ms\/wp-json\/wp\/v2\/pages"}],"about":[{"href":"https:\/\/ms.gellnerka.cz\/subdom\/ms\/wp-json\/wp\/v2\/types\/page"}],"author":[{"embeddable":true,"href":"https:\/\/ms.gellnerka.cz\/subdom\/ms\/wp-json\/wp\/v2\/users\/1"}],"replies":[{"embeddable":true,"href":"https:\/\/ms.gellnerka.cz\/subdom\/ms\/wp-json\/wp\/v2\/comments?post=20"}],"version-history":[{"count":20,"href":"https:\/\/ms.gellnerka.cz\/subdom\/ms\/wp-json\/wp\/v2\/pages\/20\/revisions"}],"predecessor-version":[{"id":1705,"href":"https:\/\/ms.gellnerka.cz\/subdom\/ms\/wp-json\/wp\/v2\/pages\/20\/revisions\/1705"}],"wp:attachment":[{"href":"https:\/\/ms.gellnerka.cz\/subdom\/ms\/wp-json\/wp\/v2\/media?parent=20"}],"curies":[{"name":"wp","href":"https:\/\/api.w.org\/{rel}","templated":true}]}}