{"id":1969,"date":"2025-12-09T20:18:17","date_gmt":"2025-12-09T19:18:17","guid":{"rendered":"https:\/\/ms.gellnerka.cz\/subdom\/ms\/?page_id=1969"},"modified":"2026-03-13T15:32:36","modified_gmt":"2026-03-13T14:32:36","slug":"zapis-k-predskolnimu-vzdelavani-pro-rok-2026-27","status":"publish","type":"page","link":"https:\/\/ms.gellnerka.cz\/subdom\/ms\/zapis-k-predskolnimu-vzdelavani-pro-rok-2026-27\/","title":{"rendered":"Z\u00e1pis k p\u0159ed\u0161koln\u00edmu vzd\u011bl\u00e1v\u00e1n\u00ed pro rok 2026\/27"},"content":{"rendered":"<div class=\"x_elementToProof\"><b>Informace k z\u00e1pisu do M\u0160 pro \u0161koln\u00ed rok 2026\/2027 naleznete <a href=\"https:\/\/ms.gellnerka.cz\/subdom\/ms\/wp-content\/uploads\/2026\/03\/Informace-k-zapisu-do-MS-pro-2026_2027-3.pdf\">ZDE.<\/a><\/b><\/div>\n<div class=\"x_elementToProof\">Dokumenty k z\u00e1pisu naleznete <a href=\"https:\/\/ms.gellnerka.cz\/subdom\/ms\/dokumenty-k-zapisu-do-ms\/\">ZDE<\/a>.<\/div>\n<div><img loading=\"lazy\" class=\"alignnone wp-image-2132 size-full\" src=\"https:\/\/ms.gellnerka.cz\/subdom\/ms\/wp-content\/uploads\/2026\/03\/Zapis-MS-1.png\" alt=\"\" width=\"1587\" height=\"2245\" srcset=\"https:\/\/ms.gellnerka.cz\/subdom\/ms\/wp-content\/uploads\/2026\/03\/Zapis-MS-1.png 1587w, https:\/\/ms.gellnerka.cz\/subdom\/ms\/wp-content\/uploads\/2026\/03\/Zapis-MS-1-212x300.png 212w, https:\/\/ms.gellnerka.cz\/subdom\/ms\/wp-content\/uploads\/2026\/03\/Zapis-MS-1-724x1024.png 724w, https:\/\/ms.gellnerka.cz\/subdom\/ms\/wp-content\/uploads\/2026\/03\/Zapis-MS-1-768x1086.png 768w, https:\/\/ms.gellnerka.cz\/subdom\/ms\/wp-content\/uploads\/2026\/03\/Zapis-MS-1-1086x1536.png 1086w, https:\/\/ms.gellnerka.cz\/subdom\/ms\/wp-content\/uploads\/2026\/03\/Zapis-MS-1-1448x2048.png 1448w\" sizes=\"(max-width: 1587px) 100vw, 1587px\" \/><\/div>\n","protected":false},"excerpt":{"rendered":"<p>Informace k z\u00e1pisu do M\u0160 pro \u0161koln\u00ed rok 2026\/2027 naleznete ZDE. Dokumenty k z\u00e1pisu naleznete ZDE.<\/p>\n","protected":false},"author":2,"featured_media":0,"parent":0,"menu_order":0,"comment_status":"closed","ping_status":"closed","template":"","meta":[],"_links":{"self":[{"href":"https:\/\/ms.gellnerka.cz\/subdom\/ms\/wp-json\/wp\/v2\/pages\/1969"}],"collection":[{"href":"https:\/\/ms.gellnerka.cz\/subdom\/ms\/wp-json\/wp\/v2\/pages"}],"about":[{"href":"https:\/\/ms.gellnerka.cz\/subdom\/ms\/wp-json\/wp\/v2\/types\/page"}],"author":[{"embeddable":true,"href":"https:\/\/ms.gellnerka.cz\/subdom\/ms\/wp-json\/wp\/v2\/users\/2"}],"replies":[{"embeddable":true,"href":"https:\/\/ms.gellnerka.cz\/subdom\/ms\/wp-json\/wp\/v2\/comments?post=1969"}],"version-history":[{"count":8,"href":"https:\/\/ms.gellnerka.cz\/subdom\/ms\/wp-json\/wp\/v2\/pages\/1969\/revisions"}],"predecessor-version":[{"id":2148,"href":"https:\/\/ms.gellnerka.cz\/subdom\/ms\/wp-json\/wp\/v2\/pages\/1969\/revisions\/2148"}],"wp:attachment":[{"href":"https:\/\/ms.gellnerka.cz\/subdom\/ms\/wp-json\/wp\/v2\/media?parent=1969"}],"curies":[{"name":"wp","href":"https:\/\/api.w.org\/{rel}","templated":true}]}}