{"id":1862,"date":"2025-10-12T19:22:29","date_gmt":"2025-10-12T17:22:29","guid":{"rendered":"https:\/\/ms.gellnerka.cz\/subdom\/ms\/?page_id=1862"},"modified":"2026-03-01T19:11:58","modified_gmt":"2026-03-01T18:11:58","slug":"provoz-ms","status":"publish","type":"page","link":"https:\/\/ms.gellnerka.cz\/subdom\/ms\/provoz-ms\/","title":{"rendered":"Provoz M\u0160"},"content":{"rendered":"<div dir=\"ltr\" data-olk-copy-source=\"MessageBody\">\n<p>Informace o provozu mate\u0159sk\u00e9 \u0161koly:<\/p>\n<ul>\n<li><span role=\"presentation\" data-olk-copy-source=\"MessageBody\">Velikono\u010dn\u00ed pr\u00e1zdniny:<\/span><span role=\"presentation\">\u00a0P\u0159eru\u0161en\u00ed provozu M\u0160 ve \u010dtvrtek\u00a0<\/span><span role=\"presentation\">2. 4. 2026<\/span><span role=\"presentation\">.<\/span><\/li>\n<li><span role=\"presentation\">Letn\u00ed pr\u00e1zdniny:\u00a0<\/span><span role=\"presentation\">P\u0159eru\u0161en\u00ed provozu M\u0160<\/span><span role=\"presentation\">\u00a01.7.-12.7.2026, 25.7.-31.8.2026<\/span><\/li>\n<li><span role=\"presentation\">Letn\u00ed provoz 2026:<\/span><span role=\"presentation\">\u00a0M\u0160 bude v provozu v term\u00ednu\u00a0<\/span><span role=\"presentation\">13. 7. \u2013 24. 7. 2026<\/span><span role=\"presentation\">.<\/span><\/li>\n<\/ul>\n<\/div>\n","protected":false},"excerpt":{"rendered":"<p>Informace o provozu mate\u0159sk\u00e9 \u0161koly: Velikono\u010dn\u00ed pr\u00e1zdniny:\u00a0P\u0159eru\u0161en\u00ed provozu M\u0160 ve \u010dtvrtek\u00a02. 4. 2026. Letn\u00ed pr\u00e1zdniny:\u00a0P\u0159eru\u0161en\u00ed provozu M\u0160\u00a01.7.-12.7.2026, 25.7.-31.8.2026 Letn\u00ed provoz 2026:\u00a0M\u0160 bude v provozu v term\u00ednu\u00a013. 7. \u2013 24. 7. 2026.<\/p>\n","protected":false},"author":2,"featured_media":0,"parent":0,"menu_order":0,"comment_status":"closed","ping_status":"closed","template":"","meta":[],"_links":{"self":[{"href":"https:\/\/ms.gellnerka.cz\/subdom\/ms\/wp-json\/wp\/v2\/pages\/1862"}],"collection":[{"href":"https:\/\/ms.gellnerka.cz\/subdom\/ms\/wp-json\/wp\/v2\/pages"}],"about":[{"href":"https:\/\/ms.gellnerka.cz\/subdom\/ms\/wp-json\/wp\/v2\/types\/page"}],"author":[{"embeddable":true,"href":"https:\/\/ms.gellnerka.cz\/subdom\/ms\/wp-json\/wp\/v2\/users\/2"}],"replies":[{"embeddable":true,"href":"https:\/\/ms.gellnerka.cz\/subdom\/ms\/wp-json\/wp\/v2\/comments?post=1862"}],"version-history":[{"count":2,"href":"https:\/\/ms.gellnerka.cz\/subdom\/ms\/wp-json\/wp\/v2\/pages\/1862\/revisions"}],"predecessor-version":[{"id":2118,"href":"https:\/\/ms.gellnerka.cz\/subdom\/ms\/wp-json\/wp\/v2\/pages\/1862\/revisions\/2118"}],"wp:attachment":[{"href":"https:\/\/ms.gellnerka.cz\/subdom\/ms\/wp-json\/wp\/v2\/media?parent=1862"}],"curies":[{"name":"wp","href":"https:\/\/api.w.org\/{rel}","templated":true}]}}