{"id":18,"date":"2019-09-29T17:13:51","date_gmt":"2019-09-29T15:13:51","guid":{"rendered":"http:\/\/ms.gellnerka.cz\/subdom\/ms\/?page_id=18"},"modified":"2019-09-30T22:08:17","modified_gmt":"2019-09-30T20:08:17","slug":"dokumenty","status":"publish","type":"page","link":"https:\/\/ms.gellnerka.cz\/subdom\/ms\/dokumenty\/","title":{"rendered":"Dokumenty"},"content":{"rendered":"\n<table id=\"tablepress-3\" class=\"tablepress tablepress-id-3\">\n<tbody class=\"row-hover\">\n<tr class=\"row-1 odd\">\n\t<td class=\"column-1\"><img src=\"https:\/\/ms.gellnerka.cz\/subdom\/ms\/wp-content\/uploads\/2019\/09\/icon-pdf.png\" alt=\"\" width=\"30\" height=\"30\" class=\"alignnone size-full wp-image-122\" \/><\/td><td class=\"column-2\">Z\u00e1pis - \u017d\u00e1dost o p\u0159ijet\u00ed d\u00edt\u011bte k p\u0159ed\u0161koln\u00edmu vzd\u011bl\u00e1v\u00e1n\u00ed<\/td><td class=\"column-3\"><a href=\"https:\/\/ms.gellnerka.cz\/subdom\/ms\/wp-content\/uploads\/2024\/04\/Zapis-zadost_o_prijeti_ditete_k_predskolnimu_vzdelavani_2024-2025.docx\" target=\"_blank\">ST\u00c1HNOUT<\/a><\/td>\n<\/tr>\n<tr class=\"row-2 even\">\n\t<td class=\"column-1\"><img src=\"https:\/\/ms.gellnerka.cz\/subdom\/ms\/wp-content\/uploads\/2019\/09\/icon-pdf.png\" alt=\"\" width=\"30\" height=\"30\" class=\"alignnone size-full wp-image-122\" \/><\/td><td class=\"column-2\">Z\u00e1pis - Z\u00e1pisn\u00ed list pro \u0161koln\u00ed rok 2024\/2025<\/td><td class=\"column-3\"><a href=\"https:\/\/ms.gellnerka.cz\/subdom\/ms\/wp-content\/uploads\/2024\/04\/Zapis-zapisni_list_2024_2025.docx\" target=\"_blank\">ST\u00c1HNOUT<\/a><\/td>\n<\/tr>\n<tr class=\"row-3 odd\">\n\t<td class=\"column-1\"><img src=\"https:\/\/ms.gellnerka.cz\/subdom\/ms\/wp-content\/uploads\/2019\/09\/icon-pdf.png\" alt=\"\" width=\"30\" height=\"30\" class=\"alignnone size-full wp-image-122\" \/><\/td><td class=\"column-2\">Z\u00e1pis - GDPR souhlas<\/td><td class=\"column-3\"><a href=\"https:\/\/ms.gellnerka.cz\/subdom\/ms\/wp-content\/uploads\/2022\/04\/GDPR_souhlas.pdf\" target=\"_blank\">ST\u00c1HNOUT<\/a><\/td>\n<\/tr>\n<tr class=\"row-4 even\">\n\t<td class=\"column-1\"><img src=\"https:\/\/ms.gellnerka.cz\/subdom\/ms\/wp-content\/uploads\/2019\/09\/icon-pdf.png\" alt=\"\" width=\"30\" height=\"30\" class=\"alignnone size-full wp-image-122\" \/><\/td><td class=\"column-2\">Z\u00e1pis - Vyzved\u00e1v\u00e1n\u00ed<\/td><td class=\"column-3\"><a href=\"https:\/\/ms.gellnerka.cz\/subdom\/ms\/wp-content\/uploads\/2024\/04\/zapis_vyzvedavani.pdf\" target=\"_blank\">ST\u00c1HNOUT<\/a><\/td>\n<\/tr>\n<tr class=\"row-5 odd\">\n\t<td class=\"column-1\"><img src=\"https:\/\/ms.gellnerka.cz\/subdom\/ms\/wp-content\/uploads\/2019\/09\/icon-pdf.png\" alt=\"\" width=\"30\" height=\"30\" class=\"alignnone size-full wp-image-122\" \/><\/td><td class=\"column-2\">Z\u00e1pis - Dotazn\u00edk pro rodi\u010de d\u011bt\u00ed nastupuj\u00edc\u00edch do M\u0160<\/td><td class=\"column-3\"><a href=\"https:\/\/ms.gellnerka.cz\/subdom\/ms\/wp-content\/uploads\/2024\/04\/zapis_dotaznik_pro_rodice_deti_nastupujicich_do_MS.pdf\" target=\"_blank\">ST\u00c1HNOUT<\/a><\/td>\n<\/tr>\n<tr class=\"row-6 even\">\n\t<td class=\"column-1\"><img src=\"https:\/\/ms.gellnerka.cz\/subdom\/ms\/wp-content\/uploads\/2019\/09\/icon-pdf.png\" alt=\"\" width=\"30\" height=\"30\" class=\"alignnone size-full wp-image-122\" \/><\/td><td class=\"column-2\">\u0160koln\u00ed vzd\u011bl\u00e1vac\u00ed program pro p\u0159ed\u0161koln\u00ed vzd\u011bl\u00e1v\u00e1n\u00ed<\/td><td class=\"column-3\"><a href=\"https:\/\/ms.gellnerka.cz\/subdom\/ms\/wp-content\/uploads\/2025\/02\/S\u030cVP-MS\u030c.pdf\" target=\"_blank\">ST\u00c1HNOUT<\/a><\/td>\n<\/tr>\n<tr class=\"row-7 odd\">\n\t<td class=\"column-1\"><img src=\"https:\/\/ms.gellnerka.cz\/subdom\/ms\/wp-content\/uploads\/2019\/09\/icon-pdf.png\" alt=\"\" width=\"30\" height=\"30\" class=\"alignnone size-full wp-image-122\" \/><\/td><td class=\"column-2\">P\u00edsemn\u00e1 dohoda o doch\u00e1zce d\u00edt\u011bte do mate\u0159sk\u00e9 \u0161koly<\/td><td class=\"column-3\"><a href=\"https:\/\/ms.gellnerka.cz\/subdom\/ms\/wp-content\/uploads\/2025\/02\/Zapis-Dohoda_o_dochazce_do_MS_2024-2025.docx\" target=\"_blank\">ST\u00c1HNOUT<\/a><\/td>\n<\/tr>\n<tr class=\"row-8 even\">\n\t<td class=\"column-1\"><img src=\"https:\/\/ms.gellnerka.cz\/subdom\/ms\/wp-content\/uploads\/2019\/09\/icon-pdf.png\" alt=\"\" width=\"30\" height=\"30\" class=\"alignnone size-full wp-image-122\" \/><\/td><td class=\"column-2\">Seznam v\u011bc\u00ed pot\u0159ebn\u00fdch do mate\u0159sk\u00e9 \u0161koly<\/td><td class=\"column-3\"><a href=\"https:\/\/ms.gellnerka.cz\/subdom\/ms\/wp-content\/uploads\/2021\/04\/seznam_v\u011bc\u00ed_pot\u0159edn\u00fdch_do_M\u0160.pdf\" target=\"_blank\">ST\u00c1HNOUT<\/a><\/td>\n<\/tr>\n<tr class=\"row-9 odd\">\n\t<td class=\"column-1\"><img src=\"https:\/\/ms.gellnerka.cz\/subdom\/ms\/wp-content\/uploads\/2019\/09\/icon-pdf.png\" alt=\"\" width=\"30\" height=\"30\" class=\"alignnone size-full wp-image-122\" \/><\/td><td class=\"column-2\">D\u011btsk\u00fd o\u010dkovac\u00ed kalend\u00e1\u0159<\/td><td class=\"column-3\"><a href=\"https:\/\/ms.gellnerka.cz\/subdom\/ms\/wp-content\/uploads\/2021\/04\/D\u011btsk\u00fd_o\u010dkovac\u00ed_kalend\u00e1\u0159.pdf\" target=\"_blank\">ST\u00c1HNOUT<\/a><\/td>\n<\/tr>\n<tr class=\"row-10 even\">\n\t<td class=\"column-1\"><img src=\"https:\/\/ms.gellnerka.cz\/subdom\/ms\/wp-content\/uploads\/2019\/09\/icon-pdf.png\" alt=\"\" width=\"30\" height=\"30\" class=\"alignnone size-full wp-image-122\" \/><\/td><td class=\"column-2\">\u010cestn\u00e9 prohl\u00e1\u0161en\u00ed o neexistenci p\u0159\u00edznak\u016f virov\u00e9ho infek\u010dn\u00edho onemocn\u011bn\u00ed<\/td><td class=\"column-3\"><a href=\"https:\/\/ms.gellnerka.cz\/subdom\/ms\/wp-content\/uploads\/2020\/05\/\u010destn\u00e9_prohl\u00e1\u0161en\u00ed-2.pdf\" target=\"_blank\">ST\u00c1HNOUT<\/a><\/td>\n<\/tr>\n<tr class=\"row-11 odd\">\n\t<td class=\"column-1\"><img src=\"https:\/\/ms.gellnerka.cz\/subdom\/ms\/wp-content\/uploads\/2019\/09\/icon-pdf.png\" alt=\"\" width=\"30\" height=\"30\" class=\"alignnone size-full wp-image-122\" \/><\/td><td class=\"column-2\">\u0160koln\u00ed \u0159\u00e1d mate\u0159sk\u00e9 \u0161koly<\/td><td class=\"column-3\"><a href=\"https:\/\/ms.gellnerka.cz\/subdom\/ms\/wp-content\/uploads\/2020\/04\/\u0160koln\u00ed-\u0159\u00e1d-M\u0160-19-20.pdf\" target=\"_blank\">ST\u00c1HNOUT<\/a><\/td>\n<\/tr>\n<tr class=\"row-12 even\">\n\t<td class=\"column-1\"><img src=\"https:\/\/ms.gellnerka.cz\/subdom\/ms\/wp-content\/uploads\/2019\/09\/icon-pdf.png\" alt=\"\" width=\"30\" height=\"30\" class=\"alignnone size-full wp-image-122\" \/><\/td><td class=\"column-2\">Re\u017eim dne u Medv\u00eddk\u016f a Ko\u0165\u00e1tek<\/td><td class=\"column-3\"><a href=\"https:\/\/ms.gellnerka.cz\/subdom\/ms\/wp-content\/uploads\/2020\/08\/Re\u017eim_dne.pdf\" target=\"_blank\">ST\u00c1HNOUT<\/a><\/td>\n<\/tr>\n<\/tbody>\n<\/table>\n<!-- #tablepress-3 from cache -->\n","protected":false},"excerpt":{"rendered":"","protected":false},"author":1,"featured_media":0,"parent":0,"menu_order":0,"comment_status":"closed","ping_status":"closed","template":"","meta":[],"_links":{"self":[{"href":"https:\/\/ms.gellnerka.cz\/subdom\/ms\/wp-json\/wp\/v2\/pages\/18"}],"collection":[{"href":"https:\/\/ms.gellnerka.cz\/subdom\/ms\/wp-json\/wp\/v2\/pages"}],"about":[{"href":"https:\/\/ms.gellnerka.cz\/subdom\/ms\/wp-json\/wp\/v2\/types\/page"}],"author":[{"embeddable":true,"href":"https:\/\/ms.gellnerka.cz\/subdom\/ms\/wp-json\/wp\/v2\/users\/1"}],"replies":[{"embeddable":true,"href":"https:\/\/ms.gellnerka.cz\/subdom\/ms\/wp-json\/wp\/v2\/comments?post=18"}],"version-history":[{"count":2,"href":"https:\/\/ms.gellnerka.cz\/subdom\/ms\/wp-json\/wp\/v2\/pages\/18\/revisions"}],"predecessor-version":[{"id":132,"href":"https:\/\/ms.gellnerka.cz\/subdom\/ms\/wp-json\/wp\/v2\/pages\/18\/revisions\/132"}],"wp:attachment":[{"href":"https:\/\/ms.gellnerka.cz\/subdom\/ms\/wp-json\/wp\/v2\/media?parent=18"}],"curies":[{"name":"wp","href":"https:\/\/api.w.org\/{rel}","templated":true}]}}