{"id":1777,"date":"2025-09-28T19:25:37","date_gmt":"2025-09-28T17:25:37","guid":{"rendered":"https:\/\/ms.gellnerka.cz\/subdom\/ms\/?page_id=1777"},"modified":"2025-09-28T19:25:37","modified_gmt":"2025-09-28T17:25:37","slug":"uplata-za-vzdelavani","status":"publish","type":"page","link":"https:\/\/ms.gellnerka.cz\/subdom\/ms\/uplata-za-vzdelavani\/","title":{"rendered":"\u00daplata za vzd\u011bl\u00e1v\u00e1n\u00ed"},"content":{"rendered":"<div class=\"x_elementToProof\" data-olk-copy-source=\"MessageBody\">Rada Jihomoravsk\u00e9ho kraje na sv\u00e9 21. sch\u016fzi konan\u00e9 dne 12. 6. 2025 se usnesla, \u017ee za p\u0159ed\u0161koln\u00ed vzd\u011bl\u00e1v\u00e1n\u00ed v\u00a0mate\u0159sk\u00fdch \u0161kol\u00e1ch, jejich\u017e \u010dinnost vykon\u00e1vaj\u00ed p\u0159\u00edsp\u011bvkov\u00e9 organizace z\u0159izovan\u00e9 Jihomoravsk\u00fdm krajem, pro \u0161koln\u00ed rok 2025\/2026 nestanovuje \u00faplatu. V\u00a0t\u00e9to v\u011bci p\u0159ijala\u00a0<b>usnesen\u00ed \u010d. 1421\/25\/R21<\/b>.<\/div>\n<div class=\"x_elementToProof\"><\/div>\n","protected":false},"excerpt":{"rendered":"<p>Rada Jihomoravsk\u00e9ho kraje na sv\u00e9 21. sch\u016fzi konan\u00e9 dne 12. 6. 2025 se usnesla, \u017ee za p\u0159ed\u0161koln\u00ed vzd\u011bl\u00e1v\u00e1n\u00ed v\u00a0mate\u0159sk\u00fdch \u0161kol\u00e1ch, jejich\u017e \u010dinnost vykon\u00e1vaj\u00ed p\u0159\u00edsp\u011bvkov\u00e9 organizace z\u0159izovan\u00e9 Jihomoravsk\u00fdm krajem, pro \u0161koln\u00ed rok 2025\/2026 nestanovuje \u00faplatu. V\u00a0t\u00e9to v\u011bci p\u0159ijala\u00a0usnesen\u00ed \u010d. 1421\/25\/R21.<\/p>\n","protected":false},"author":2,"featured_media":0,"parent":0,"menu_order":0,"comment_status":"closed","ping_status":"closed","template":"","meta":[],"_links":{"self":[{"href":"https:\/\/ms.gellnerka.cz\/subdom\/ms\/wp-json\/wp\/v2\/pages\/1777"}],"collection":[{"href":"https:\/\/ms.gellnerka.cz\/subdom\/ms\/wp-json\/wp\/v2\/pages"}],"about":[{"href":"https:\/\/ms.gellnerka.cz\/subdom\/ms\/wp-json\/wp\/v2\/types\/page"}],"author":[{"embeddable":true,"href":"https:\/\/ms.gellnerka.cz\/subdom\/ms\/wp-json\/wp\/v2\/users\/2"}],"replies":[{"embeddable":true,"href":"https:\/\/ms.gellnerka.cz\/subdom\/ms\/wp-json\/wp\/v2\/comments?post=1777"}],"version-history":[{"count":1,"href":"https:\/\/ms.gellnerka.cz\/subdom\/ms\/wp-json\/wp\/v2\/pages\/1777\/revisions"}],"predecessor-version":[{"id":1778,"href":"https:\/\/ms.gellnerka.cz\/subdom\/ms\/wp-json\/wp\/v2\/pages\/1777\/revisions\/1778"}],"wp:attachment":[{"href":"https:\/\/ms.gellnerka.cz\/subdom\/ms\/wp-json\/wp\/v2\/media?parent=1777"}],"curies":[{"name":"wp","href":"https:\/\/api.w.org\/{rel}","templated":true}]}}