{"id":1715,"date":"2025-06-18T20:16:09","date_gmt":"2025-06-18T18:16:09","guid":{"rendered":"https:\/\/ms.gellnerka.cz\/subdom\/ms\/?page_id=1715"},"modified":"2025-06-18T20:16:09","modified_gmt":"2025-06-18T18:16:09","slug":"podatelna","status":"publish","type":"page","link":"https:\/\/ms.gellnerka.cz\/subdom\/ms\/podatelna\/","title":{"rendered":"Podatelna"},"content":{"rendered":"<p><strong>Informace o provozu podatelny a podm\u00ednk\u00e1ch p\u0159ij\u00edm\u00e1n\u00ed dokument\u016f<\/strong><\/p>\n<p><strong>Adresa pro doru\u010dov\u00e1n\u00ed dokument\u016f v analogov\u00e9 podob\u011b a dokument\u016f v digit\u00e1ln\u00ed podob\u011b doru\u010dovan\u00fdch na p\u0159enosn\u00fdch technologick\u00fdch nosi\u010d\u00edch dat<\/strong><\/p>\n<p>Mate\u0159sk\u00e1 \u0161kola, z\u00e1kladn\u00ed \u0161kola a st\u0159edn\u00ed \u0161kola Gellnerka Brno, p\u0159\u00edsp\u011bvkov\u00e1 organizace<br \/>\n\u0160r\u00e1mkova 419\/1<br \/>\n638 00 Brno\u2013Lesn\u00e1<\/p>\n<p><strong>\u00da\u0159edn\u00ed hodiny podatelny<\/strong><\/p>\n<p>Pond\u011bl\u00ed a\u017e \u010dtvrtek\u00a0\u00a0\u00a0\u00a0\u00a0\u00a0\u00a0 8:00\u201311:00, 12:00\u201315:30<br \/>\nP\u00e1tek\u00a0 \u00a0 \u00a0 \u00a0 \u00a0 \u00a0 \u00a0 \u00a0 \u00a0 \u00a0 \u00a0 \u00a0 \u00a0 \u00a0 \u00a0 8:00\u201311:00, 12:00\u201314:30<\/p>\n<p><strong>Elektronick\u00e1 adresa podatelny<\/strong><\/p>\n<p><a href=\"mailto:podatelna@gellnerka.cz\">podatelna@gellnerka.cz<\/a><\/p>\n<p><strong>Identifik\u00e1tor datov\u00e9 schr\u00e1nky<\/strong><\/p>\n<p>zjz4gjv<\/p>\n<p><strong>P\u0159ehled datov\u00fdch form\u00e1t\u016f dokument\u016f obsa\u017een\u00fdch v datov\u00e9 zpr\u00e1v\u011b, ve kter\u00fdch se p\u0159ij\u00edmaj\u00ed dokumenty v digit\u00e1ln\u00ed podob\u011b<\/strong><\/p>\n<ul>\n<li>\u00a0 statick\u00e9 textov\u00e9, p\u0159\u00edpadn\u011b kombinovan\u00e9 textov\u00e9 a obrazov\u00e9 dokumenty\n<ul>\n<li style=\"list-style-type: none;\">\n<ul>\n<li>DOC(X), XLS(X), PPT(X) \u2013 soubory vytvo\u0159en\u00e9 Microsoft Office<\/li>\n<li>PDF, PDF\/A \u2013 Portable Dokument Format<\/li>\n<li>TXT \u2013 prost\u00fd text<\/li>\n<li>RTF \u2013 Rich Text Format<\/li>\n<\/ul>\n<\/li>\n<\/ul>\n<\/li>\n<li>statick\u00e9 obrazov\u00e9 dokumenty:\n<ul>\n<li style=\"list-style-type: none;\">\n<ul>\n<li style=\"list-style-type: none;\">\n<ul>\n<li>JPEG \u2013 Joint Photographic Experts Group<\/li>\n<li>TIF\/TIFF \u2013 Tagged Image File Format \u2013 nekomprimovan\u00fd<\/li>\n<li>PNG \u2013 Portable Network Graphics<\/li>\n<\/ul>\n<\/li>\n<\/ul>\n<\/li>\n<\/ul>\n<\/li>\n<li>datov\u00e9 zpr\u00e1vy z ISDS:\n<ul>\n<li>ZFO \u2013 nativn\u00ed form\u00e1t typu XML aplikace 602XML Filler<\/li>\n<\/ul>\n<\/li>\n<\/ul>\n<p><u>Ostatn\u00ed typy soubor\u016f nebo \u201ezaheslovan\u00e9\u201c soubory nebudou p\u0159ijaty. <\/u><\/p>\n<p><strong>\u00a0<\/strong><\/p>\n<p><strong>P\u0159ehled p\u0159enosn\u00fdch technick\u00fdch nosi\u010d\u016f dat a p\u0159ij\u00edman\u00ed dokument\u016f v digit\u00e1ln\u00ed podob\u011b<\/strong><\/p>\n<ul>\n<li>CD<\/li>\n<li>DVD<\/li>\n<li>USB Flash disk<\/li>\n<li>USB extern\u00ed HDD<\/li>\n<\/ul>\n<p><u>Pod\u00e1n\u00ed na jin\u00fdch nosi\u010d\u00edch nebudou p\u0159ijata.<\/u> Pod\u00e1n\u00ed je zaevidov\u00e1no jako osobn\u00ed pod\u00e1n\u00ed.<\/p>\n<p>CD\/DVD je za\u0159azeno jako p\u0159\u00edloha pod\u00e1n\u00ed a <u>nevrac\u00ed se pod\u00e1vaj\u00edc\u00edmu<\/u>.<\/p>\n<p><strong>Nakl\u00e1d\u00e1n\u00ed s datov\u00fdmi zpr\u00e1vami obsahuj\u00edc\u00edmi \u0161kodliv\u00fd k\u00f3d <\/strong><\/p>\n<p>Datov\u00e1 zpr\u00e1va, u kter\u00e9 byl zji\u0161t\u011bn \u0161kodliv\u00fd k\u00f3d, nen\u00ed zpracov\u00e1v\u00e1na. Pokud z p\u0159ijat\u00e9 datov\u00e9 zpr\u00e1vy lze zjistit kontaktn\u00ed \u00fadaje odes\u00edlatele, je mu neprodlen\u011b zasl\u00e1no sd\u011blen\u00ed o zji\u0161t\u011bn\u00ed \u0161kodliv\u00e9ho k\u00f3du s n\u00e1vrhem na dal\u0161\u00ed postup.<\/p>\n<p><strong>Ne\u00fapln\u00e9 nebo po\u0161kozen\u00e9 dokumenty v elektronick\u00e9 podob\u011b <\/strong><\/p>\n<p>Lze-li z doru\u010den\u00e9ho ne\u00fapln\u00e9ho nebo po\u0161kozen\u00e9ho dokumentu zjistit kontaktn\u00ed \u00fadaje odes\u00edlatele, \u0161kola jej touto cestou neprodlen\u011b vyrozum\u00ed a vyzve k n\u00e1prav\u011b. Ne\u00fapln\u00fd nebo po\u0161kozen\u00fd dokument nen\u00ed zpracov\u00e1v\u00e1n.<\/p>\n<p>Pokud nelze ur\u010dit odes\u00edlatele dokumentu, pak podatelna dokument d\u00e1le nezpracov\u00e1v\u00e1.<\/p>\n<p><strong>\u00a0<\/strong><\/p>\n","protected":false},"excerpt":{"rendered":"<p>Informace o provozu podatelny a podm\u00ednk\u00e1ch p\u0159ij\u00edm\u00e1n\u00ed dokument\u016f Adresa pro doru\u010dov\u00e1n\u00ed dokument\u016f v analogov\u00e9 podob\u011b a dokument\u016f v digit\u00e1ln\u00ed podob\u011b doru\u010dovan\u00fdch na p\u0159enosn\u00fdch technologick\u00fdch nosi\u010d\u00edch dat Mate\u0159sk\u00e1 \u0161kola, z\u00e1kladn\u00ed \u0161kola a st\u0159edn\u00ed \u0161kola Gellnerka Brno, p\u0159\u00edsp\u011bvkov\u00e1 organizace \u0160r\u00e1mkova 419\/1 638 00 Brno\u2013Lesn\u00e1 \u00da\u0159edn\u00ed hodiny podatelny Pond\u011bl\u00ed a\u017e \u010dtvrtek\u00a0\u00a0\u00a0\u00a0\u00a0\u00a0\u00a0 8:00\u201311:00, 12:00\u201315:30 P\u00e1tek\u00a0 \u00a0 \u00a0 \u00a0 \u00a0 &hellip;<\/p>\n<p class=\"read-more\"> <a class=\"\" href=\"https:\/\/ms.gellnerka.cz\/subdom\/ms\/podatelna\/\"> <span class=\"screen-reader-text\">Podatelna<\/span> Pokra\u010dovat ve \u010dten\u00ed &raquo;<\/a><\/p>\n","protected":false},"author":2,"featured_media":0,"parent":0,"menu_order":0,"comment_status":"closed","ping_status":"closed","template":"","meta":[],"_links":{"self":[{"href":"https:\/\/ms.gellnerka.cz\/subdom\/ms\/wp-json\/wp\/v2\/pages\/1715"}],"collection":[{"href":"https:\/\/ms.gellnerka.cz\/subdom\/ms\/wp-json\/wp\/v2\/pages"}],"about":[{"href":"https:\/\/ms.gellnerka.cz\/subdom\/ms\/wp-json\/wp\/v2\/types\/page"}],"author":[{"embeddable":true,"href":"https:\/\/ms.gellnerka.cz\/subdom\/ms\/wp-json\/wp\/v2\/users\/2"}],"replies":[{"embeddable":true,"href":"https:\/\/ms.gellnerka.cz\/subdom\/ms\/wp-json\/wp\/v2\/comments?post=1715"}],"version-history":[{"count":1,"href":"https:\/\/ms.gellnerka.cz\/subdom\/ms\/wp-json\/wp\/v2\/pages\/1715\/revisions"}],"predecessor-version":[{"id":1716,"href":"https:\/\/ms.gellnerka.cz\/subdom\/ms\/wp-json\/wp\/v2\/pages\/1715\/revisions\/1716"}],"wp:attachment":[{"href":"https:\/\/ms.gellnerka.cz\/subdom\/ms\/wp-json\/wp\/v2\/media?parent=1715"}],"curies":[{"name":"wp","href":"https:\/\/api.w.org\/{rel}","templated":true}]}}