{"id":1635,"date":"2025-04-11T09:50:17","date_gmt":"2025-04-11T07:50:17","guid":{"rendered":"https:\/\/ms.gellnerka.cz\/subdom\/ms\/?page_id=1635"},"modified":"2026-03-12T13:35:31","modified_gmt":"2026-03-12T12:35:31","slug":"dokumenty-k-zapisu-do-ms","status":"publish","type":"page","link":"https:\/\/ms.gellnerka.cz\/subdom\/ms\/dokumenty-k-zapisu-do-ms\/","title":{"rendered":"Dokumenty k z\u00e1pisu do M\u0160"},"content":{"rendered":"<ul>\n<li><a href=\"https:\/\/ms.gellnerka.cz\/subdom\/ms\/wp-content\/uploads\/2026\/03\/5_6_Zadost-o-prijeti-k-predskolnimu_potvrzeni-lekare.pdf\">\u017d\u00e1dost o p\u0159ijet\u00ed do M\u0160<\/a> (Pro d\u011bti mlad\u0161\u00ed 5 let k datu 31. 8. 2026.)<\/li>\n<li><a href=\"https:\/\/ms.gellnerka.cz\/subdom\/ms\/wp-content\/uploads\/2026\/03\/4_Zadost-o-prijeti-do-MS_povinne-predskolni-vzdelavani.pdf\">\u017d\u00e1dost o p\u0159ijet\u00ed do povinn\u00e9ho p\u0159ed\u0161koln\u00edho vzd\u011bl\u00e1v\u00e1n\u00ed<\/a> (Pro d\u011bti, kter\u00e9 dovr\u0161\u00ed do 31.8.2026 v\u011bku 5 let.)<\/li>\n<\/ul>\n","protected":false},"excerpt":{"rendered":"<p>\u017d\u00e1dost o p\u0159ijet\u00ed do M\u0160 (Pro d\u011bti mlad\u0161\u00ed 5 let k datu 31. 8. 2026.) \u017d\u00e1dost o p\u0159ijet\u00ed do povinn\u00e9ho p\u0159ed\u0161koln\u00edho vzd\u011bl\u00e1v\u00e1n\u00ed (Pro d\u011bti, kter\u00e9 dovr\u0161\u00ed do 31.8.2026 v\u011bku 5 let.)<\/p>\n","protected":false},"author":2,"featured_media":0,"parent":0,"menu_order":0,"comment_status":"closed","ping_status":"closed","template":"","meta":[],"_links":{"self":[{"href":"https:\/\/ms.gellnerka.cz\/subdom\/ms\/wp-json\/wp\/v2\/pages\/1635"}],"collection":[{"href":"https:\/\/ms.gellnerka.cz\/subdom\/ms\/wp-json\/wp\/v2\/pages"}],"about":[{"href":"https:\/\/ms.gellnerka.cz\/subdom\/ms\/wp-json\/wp\/v2\/types\/page"}],"author":[{"embeddable":true,"href":"https:\/\/ms.gellnerka.cz\/subdom\/ms\/wp-json\/wp\/v2\/users\/2"}],"replies":[{"embeddable":true,"href":"https:\/\/ms.gellnerka.cz\/subdom\/ms\/wp-json\/wp\/v2\/comments?post=1635"}],"version-history":[{"count":5,"href":"https:\/\/ms.gellnerka.cz\/subdom\/ms\/wp-json\/wp\/v2\/pages\/1635\/revisions"}],"predecessor-version":[{"id":2145,"href":"https:\/\/ms.gellnerka.cz\/subdom\/ms\/wp-json\/wp\/v2\/pages\/1635\/revisions\/2145"}],"wp:attachment":[{"href":"https:\/\/ms.gellnerka.cz\/subdom\/ms\/wp-json\/wp\/v2\/media?parent=1635"}],"curies":[{"name":"wp","href":"https:\/\/api.w.org\/{rel}","templated":true}]}}