{"id":16,"date":"2019-09-29T17:13:32","date_gmt":"2019-09-29T15:13:32","guid":{"rendered":"http:\/\/ms.gellnerka.cz\/subdom\/ms\/?page_id=16"},"modified":"2026-01-20T17:30:07","modified_gmt":"2026-01-20T16:30:07","slug":"kontakty","status":"publish","type":"page","link":"https:\/\/ms.gellnerka.cz\/subdom\/ms\/kontakty\/","title":{"rendered":"Kontakty"},"content":{"rendered":"<header class=\"entry-header page-header\"><\/header>\n<div class=\"entry-content\">\n<p><strong style=\"font-size: 16px;\">\u0160kola aktu\u00e1ln\u011b s\u00eddl\u00ed ve dvou budov\u00e1ch.<\/strong><\/p>\n<div class=\"entry-content\">\n<p><strong>N\u00c1ZEV:<\/strong> Mate\u0159sk\u00e1 \u0161kola, z\u00e1kladn\u00ed \u0161kola a st\u0159edn\u00ed \u0161kola Gellnerka Brno, p\u0159\u00edsp\u011bvkov\u00e1 organizace<\/p>\n<p><strong>I\u010cO:<\/strong> 62157655<\/p>\n<p><strong>FORMA:<\/strong> P\u0159\u00edsp\u011bvkov\u00e1 organizace<\/p>\n<p><strong>SCHR\u00c1NKA:<\/strong> zjz4gjv<\/p>\n<p><strong>ADRESA:<\/strong> Gellnerova 66\/1, Jundrov (Brno-Jundrov), 637 00 Brno<\/p>\n<p><strong>TELEFON:<\/strong> 541 226 090 \u2013 \u0159editelka \u0161koly<\/p>\n<p><strong>E-MAIL:<\/strong> <a href=\"mailto:podatelna@gellnerka.cz\">podatelna@gellnerka.cz<\/a><\/p>\n<p><strong>WWW:<\/strong> www.gellnerka.cz<\/p>\n<hr \/>\n<p><strong>V\u00fdhradn\u00ed kontakty pro M\u0160 a Z\u0160:<\/strong><\/p>\n<p>\u0160r\u00e1mkova 419\/1, 638 00 Brno \u2013 Lesn\u00e1<\/p>\n<p><strong>Datov\u00e1 schr\u00e1nka:<\/strong> zjz4gjv<\/p>\n<p><strong>Telefon:<\/strong> +420 541 226 090<\/p>\n<hr \/>\n<p><strong>\u0158editelka<\/strong><\/p>\n<p>PhDr. Lenka Vrbeck\u00e1 Dole\u017ealov\u00e1, Ph.D.<\/p>\n<p>e-mail: <a href=\"mailto:lenka.vrbecka@gellnerka.cz\" target=\"_blank\" rel=\"noopener\">lenka.vrbecka@gellnerka.cz<\/a><\/p>\n<p>tel.: 731 706 412<\/p>\n<p><em>\u00da\u0159edn\u00ed hodiny pro z\u00e1konn\u00e9 z\u00e1stupce a ve\u0159ejnost:<br \/>\nPo: 13.00 \u2013 15.00 hod.<\/em><\/p>\n<hr \/>\n<p><strong>Z\u00e1stupkyn\u011b \u0159editelky M\u0160 \u0160r\u00e1mkova<\/strong><\/p>\n<p>Bc. Eva LaRocca<\/p>\n<p>e-mail: <a href=\"mailto:eva.larocca@gellnerka.cz\">eva.larocca@gellnerka.cz<\/a><\/p>\n<p>tel.: <span data-olk-copy-source=\"MessageBody\">606 047 613<\/span><\/p>\n<hr \/>\n<p><strong>Hlavn\u00ed \u00fa\u010detn\u00ed a spr\u00e1vce rozpo\u010dtu<\/strong><br \/>\nIvana Vrbkov\u00e1<br \/>\n<strong>e-mail:<\/strong> <a href=\"mailto:ivana.vrbkova@gellnerka.cz\">ivana.vrbkova@gellnerka.cz<br \/>\n<\/a><strong>tel:<\/strong> 725 596 127<\/p>\n<p><strong>\u00da\u010detn\u00ed<\/strong><br \/>\nDagmar Mat\u011bj\u00ed\u010dkov\u00e1<br \/>\n<strong>e-mail:<\/strong> <a href=\"mailto:ekonom@gellnerka.cz\">ekonom@gellnerka.cz<br \/>\n<\/a><strong>tel:<\/strong> 774 522 135<\/p>\n<p><strong>Mzdov\u00e1 \u00fa\u010detn\u00ed, personalistka<\/strong><br \/>\nPetra Ferusov\u00e1<br \/>\n<strong>e-mail:<\/strong> <a href=\"mailto:petra.ferusova@gellnerka.cz\">petra.ferusova@gellnerka.cz<\/a><br \/>\ntel: 773 747 731<\/p>\n<\/div>\n<\/div>\n","protected":false},"excerpt":{"rendered":"<p>\u0160kola aktu\u00e1ln\u011b s\u00eddl\u00ed ve dvou budov\u00e1ch. N\u00c1ZEV: Mate\u0159sk\u00e1 \u0161kola, z\u00e1kladn\u00ed \u0161kola a st\u0159edn\u00ed \u0161kola Gellnerka Brno, p\u0159\u00edsp\u011bvkov\u00e1 organizace I\u010cO: 62157655 FORMA: P\u0159\u00edsp\u011bvkov\u00e1 organizace SCHR\u00c1NKA: zjz4gjv ADRESA: Gellnerova 66\/1, Jundrov (Brno-Jundrov), 637 00 Brno TELEFON: 541 226 090 \u2013 \u0159editelka \u0161koly E-MAIL: podatelna@gellnerka.cz WWW: www.gellnerka.cz V\u00fdhradn\u00ed kontakty pro M\u0160 a Z\u0160: \u0160r\u00e1mkova 419\/1, 638 00 Brno &hellip;<\/p>\n<p class=\"read-more\"> <a class=\"\" href=\"https:\/\/ms.gellnerka.cz\/subdom\/ms\/kontakty\/\"> <span class=\"screen-reader-text\">Kontakty<\/span> Pokra\u010dovat ve \u010dten\u00ed &raquo;<\/a><\/p>\n","protected":false},"author":1,"featured_media":0,"parent":0,"menu_order":0,"comment_status":"closed","ping_status":"closed","template":"","meta":[],"_links":{"self":[{"href":"https:\/\/ms.gellnerka.cz\/subdom\/ms\/wp-json\/wp\/v2\/pages\/16"}],"collection":[{"href":"https:\/\/ms.gellnerka.cz\/subdom\/ms\/wp-json\/wp\/v2\/pages"}],"about":[{"href":"https:\/\/ms.gellnerka.cz\/subdom\/ms\/wp-json\/wp\/v2\/types\/page"}],"author":[{"embeddable":true,"href":"https:\/\/ms.gellnerka.cz\/subdom\/ms\/wp-json\/wp\/v2\/users\/1"}],"replies":[{"embeddable":true,"href":"https:\/\/ms.gellnerka.cz\/subdom\/ms\/wp-json\/wp\/v2\/comments?post=16"}],"version-history":[{"count":19,"href":"https:\/\/ms.gellnerka.cz\/subdom\/ms\/wp-json\/wp\/v2\/pages\/16\/revisions"}],"predecessor-version":[{"id":2049,"href":"https:\/\/ms.gellnerka.cz\/subdom\/ms\/wp-json\/wp\/v2\/pages\/16\/revisions\/2049"}],"wp:attachment":[{"href":"https:\/\/ms.gellnerka.cz\/subdom\/ms\/wp-json\/wp\/v2\/media?parent=16"}],"curies":[{"name":"wp","href":"https:\/\/api.w.org\/{rel}","templated":true}]}}