{"id":14,"date":"2019-09-29T17:13:20","date_gmt":"2019-09-29T15:13:20","guid":{"rendered":"http:\/\/ms.gellnerka.cz\/subdom\/ms\/?page_id=14"},"modified":"2025-09-29T17:23:11","modified_gmt":"2025-09-29T15:23:11","slug":"uvodni-strana","status":"publish","type":"page","link":"https:\/\/ms.gellnerka.cz\/subdom\/ms\/","title":{"rendered":"\u00davodn\u00ed strana"},"content":{"rendered":"<div id=\"pl-14\"  class=\"panel-layout\" ><div id=\"pg-14-0\"  class=\"panel-grid panel-no-style\" ><div id=\"pgc-14-0-0\"  class=\"panel-grid-cell\" ><\/div><\/div><div id=\"pg-14-1\"  class=\"panel-grid panel-no-style\" ><div id=\"pgc-14-1-0\"  class=\"panel-grid-cell\" >\n\t\t<div id=\"panel-14-1-0-0\" class=\"so-panel widget widget_recent-posts widget_recent_entries panel-first-child\" data-index=\"1\" >\n\t\t<h3 class=\"widget-title\">Aktuality a stru\u010dn\u00e1 sd\u011blen\u00ed<\/h3>\n\t\t<ul>\n\t\t\t\t\t\t\t\t\t\t\t<li>\n\t\t\t\t\t<a href=\"https:\/\/ms.gellnerka.cz\/subdom\/ms\/2026\/03\/12\/zapis-do-ms\/\">Z\u00e1pis do M\u0160<\/a>\n\t\t\t\t\t\t\t\t\t\t\t<span class=\"post-date\">12. 3. 2026<\/span>\n\t\t\t\t\t\t\t\t\t<\/li>\n\t\t\t\t\t\t\t\t\t\t\t<li>\n\t\t\t\t\t<a href=\"https:\/\/ms.gellnerka.cz\/subdom\/ms\/2026\/03\/11\/jarni-probuzeni-zahrady\/\">Jarn\u00ed probuzen\u00ed zahrady &#8211; pozv\u00e1nka<\/a>\n\t\t\t\t\t\t\t\t\t\t\t<span class=\"post-date\">11. 3. 2026<\/span>\n\t\t\t\t\t\t\t\t\t<\/li>\n\t\t\t\t\t\t\t\t\t\t\t<li>\n\t\t\t\t\t<a href=\"https:\/\/ms.gellnerka.cz\/subdom\/ms\/2026\/03\/02\/svetovy-den-sluchu\/\">Sv\u011btov\u00fd den sluchu<\/a>\n\t\t\t\t\t\t\t\t\t\t\t<span class=\"post-date\">2. 3. 2026<\/span>\n\t\t\t\t\t\t\t\t\t<\/li>\n\t\t\t\t\t\t\t\t\t\t\t<li>\n\t\t\t\t\t<a href=\"https:\/\/ms.gellnerka.cz\/subdom\/ms\/2026\/02\/26\/skolakem-na-zkousku\/\">\u0160kol\u00e1kem na zkou\u0161ku<\/a>\n\t\t\t\t\t\t\t\t\t\t\t<span class=\"post-date\">26. 2. 2026<\/span>\n\t\t\t\t\t\t\t\t\t<\/li>\n\t\t\t\t\t\t\t\t\t\t\t<li>\n\t\t\t\t\t<a href=\"https:\/\/ms.gellnerka.cz\/subdom\/ms\/2026\/02\/26\/koutek-pohody-aneb-co-mi-pomuze-ke-zklidneni-26-27-2-2026\/\">Koutek pohody aneb Co mi pom\u016f\u017ee ke zklidn\u011bn\u00ed (26.\u201327. 2. 2026)<\/a>\n\t\t\t\t\t\t\t\t\t\t\t<span class=\"post-date\">26. 2. 2026<\/span>\n\t\t\t\t\t\t\t\t\t<\/li>\n\t\t\t\t\t\t\t\t\t\t\t<li>\n\t\t\t\t\t<a href=\"https:\/\/ms.gellnerka.cz\/subdom\/ms\/2026\/02\/13\/nase-zimni-olympiada\/\">Na\u0161e zimn\u00ed olympi\u00e1da<\/a>\n\t\t\t\t\t\t\t\t\t\t\t<span class=\"post-date\">13. 2. 2026<\/span>\n\t\t\t\t\t\t\t\t\t<\/li>\n\t\t\t\t\t\t\t\t\t\t\t<li>\n\t\t\t\t\t<a href=\"https:\/\/ms.gellnerka.cz\/subdom\/ms\/2026\/01\/28\/zviratkovy-karneval\/\">Zv\u00ed\u0159\u00e1tkov\u00fd karneval<\/a>\n\t\t\t\t\t\t\t\t\t\t\t<span class=\"post-date\">28. 1. 2026<\/span>\n\t\t\t\t\t\t\t\t\t<\/li>\n\t\t\t\t\t\t\t\t\t\t\t<li>\n\t\t\t\t\t<a href=\"https:\/\/ms.gellnerka.cz\/subdom\/ms\/2026\/01\/23\/prekvapeni-v-jehlici-divadelni-spolek-oukej\/\">P\u0159ekvapen\u00ed v jehli\u010d\u00ed (divadeln\u00ed spolek OUKEJ)<\/a>\n\t\t\t\t\t\t\t\t\t\t\t<span class=\"post-date\">23. 1. 2026<\/span>\n\t\t\t\t\t\t\t\t\t<\/li>\n\t\t\t\t\t\t\t\t\t\t\t<li>\n\t\t\t\t\t<a href=\"https:\/\/ms.gellnerka.cz\/subdom\/ms\/2026\/01\/21\/den-otevrenych-dveri-ms\/\">Den otev\u0159en\u00fdch dve\u0159\u00ed M\u0160<\/a>\n\t\t\t\t\t\t\t\t\t\t\t<span class=\"post-date\">21. 1. 2026<\/span>\n\t\t\t\t\t\t\t\t\t<\/li>\n\t\t\t\t\t\t\t\t\t\t\t<li>\n\t\t\t\t\t<a href=\"https:\/\/ms.gellnerka.cz\/subdom\/ms\/2026\/01\/15\/kouzelny-kufr-boudo-budko\/\">Kouzeln\u00fd kufr: Boudo, budko<\/a>\n\t\t\t\t\t\t\t\t\t\t\t<span class=\"post-date\">15. 1. 2026<\/span>\n\t\t\t\t\t\t\t\t\t<\/li>\n\t\t\t\t\t<\/ul>\n\n\t\t<\/div><div id=\"panel-14-1-0-1\" class=\"so-panel widget widget_sow-button panel-last-child\" data-index=\"2\" ><div class=\"panel-widget-style panel-widget-style-for-14-1-0-1\" ><div class=\"so-widget-sow-button so-widget-sow-button-atom-77666a2a67d3\"><div class=\"ow-button-base ow-button-align-center\">\n\t<a href=\"https:\/\/ms.gellnerka.cz\/subdom\/ms\/aktuality\/\" class=\"ow-icon-placement-left ow-button-hover\" \t\t>\n\t\t<span>\n\t\t\t\n\t\t\tDal\u0161\u00ed aktuality\t\t<\/span>\n\t<\/a>\n<\/div>\n<\/div><\/div><\/div><\/div><div id=\"pgc-14-1-1\"  class=\"panel-grid-cell\" ><div id=\"panel-14-1-1-0\" class=\"so-panel widget widget_search panel-first-child\" data-index=\"3\" ><h3 class=\"widget-title\">Vyhled\u00e1v\u00e1n\u00ed<\/h3><form role=\"search\" method=\"get\" class=\"search-form\" action=\"https:\/\/ms.gellnerka.cz\/subdom\/ms\/\">\n\t\t\t\t<label>\n\t\t\t\t\t<span class=\"screen-reader-text\">Vyhled\u00e1v\u00e1n\u00ed<\/span>\n\t\t\t\t\t<input type=\"search\" class=\"search-field\" placeholder=\"Hledat &hellip;\" value=\"\" name=\"s\" \/>\n\t\t\t\t<\/label>\n\t\t\t\t<input type=\"submit\" class=\"search-submit\" value=\"Hledat\" \/>\n\t\t\t<\/form><\/div><div id=\"panel-14-1-1-1\" class=\"so-panel widget widget_sow-editor\" data-index=\"4\" ><div class=\"so-widget-sow-editor so-widget-sow-editor-base\">\n<div class=\"siteorigin-widget-tinymce textwidget\">\n\t<h3>O n\u00e1s<\/h3>\n<p align=\"justify\">Mate\u0159sk\u00e1 \u0161kola je sou\u010d\u00e1st\u00ed M\u0160, Z\u0160 a S\u0160 Gellnerka Brno, tedy \u0161koly, kde se mohou vzd\u011bl\u00e1vat d\u011bti se sluchov\u00fdm posti\u017een\u00edm a nov\u011b tak\u00e9 d\u011bti s naru\u0161enou komunika\u010dn\u00ed schopnost\u00ed. \u0160kola je z\u0159\u00edzena podle \u00a716 odst. 9 \u0161kolsk\u00e9ho z\u00e1kona. Budova \u0161koly je um\u00edst\u011bna v klidn\u00e9, okrajov\u00e9 \u010d\u00e1sti Brna. <a href=\"http:\/\/ms.gellnerka.cz\/subdom\/ms\/materska-skola\/predstaveni-materske-skoly\/\"><strong>V\u00edce informac\u00ed ....<\/strong><\/a><\/p>\n<p align=\"justify\"><img loading=\"lazy\" class=\"alignnone size-medium wp-image-95 aligncenter\" src=\"http:\/\/ms.gellnerka.cz\/subdom\/ms\/wp-content\/uploads\/2019\/09\/insect-602547_640-300x170.png\" alt=\"\" width=\"300\" height=\"170\" srcset=\"https:\/\/ms.gellnerka.cz\/subdom\/ms\/wp-content\/uploads\/2019\/09\/insect-602547_640-300x170.png 300w, https:\/\/ms.gellnerka.cz\/subdom\/ms\/wp-content\/uploads\/2019\/09\/insect-602547_640.png 640w\" sizes=\"(max-width: 300px) 100vw, 300px\" \/><\/p>\n<h4><\/h4>\n<\/div>\n<\/div><\/div><div id=\"panel-14-1-1-2\" class=\"so-panel widget widget_media_image\" data-index=\"5\" ><h3 class=\"widget-title\">Z\u0159izovatel \u0161koly<\/h3><a href=\"http:\/\/www.kr-jihomoravsky.cz\"><img width=\"300\" height=\"72\" src=\"https:\/\/ms.gellnerka.cz\/subdom\/ms\/wp-content\/uploads\/2020\/04\/Logotyp_jihomoravsky_kraj_RGB-300x72.jpg\" class=\"image wp-image-307  attachment-medium size-medium\" alt=\"\" loading=\"lazy\" style=\"max-width: 100%; height: auto;\" srcset=\"https:\/\/ms.gellnerka.cz\/subdom\/ms\/wp-content\/uploads\/2020\/04\/Logotyp_jihomoravsky_kraj_RGB-300x72.jpg 300w, https:\/\/ms.gellnerka.cz\/subdom\/ms\/wp-content\/uploads\/2020\/04\/Logotyp_jihomoravsky_kraj_RGB-768x184.jpg 768w, https:\/\/ms.gellnerka.cz\/subdom\/ms\/wp-content\/uploads\/2020\/04\/Logotyp_jihomoravsky_kraj_RGB-1024x245.jpg 1024w\" sizes=\"(max-width: 300px) 100vw, 300px\" \/><\/a><\/div><div id=\"panel-14-1-1-3\" class=\"so-panel widget widget_text panel-last-child\" data-index=\"6\" ><h3 class=\"widget-title\">Rychl\u00fd kontakt<\/h3>\t\t\t<div class=\"textwidget\"><p>Mate\u0159sk\u00e1 \u0161kola a z\u00e1kladn\u00ed \u0161kola<br \/>\n\u0160r\u00e1mkova 419\/1,\u00a0638 00 Brno \u2013 Lesn\u00e1<br \/>\nDatov\u00e1 schr\u00e1nka: zjz4gjv<br \/>\nMobil: + 420 725 073\u00a0471<br \/>\nTelefon: +420 541 226 090<br \/>\nE-mail:\u00a0<a>podatelna@gellnerka.cz<\/a><\/p>\n<\/div>\n\t\t<\/div><\/div><\/div><\/div>","protected":false},"excerpt":{"rendered":"<p>O n\u00e1s Mate\u0159sk\u00e1 \u0161kola je sou\u010d\u00e1st\u00ed M\u0160, Z\u0160 a S\u0160 Gellnerka Brno, tedy \u0161koly, kde se mohou vzd\u011bl\u00e1vat d\u011bti se sluchov\u00fdm posti\u017een\u00edm a nov\u011b tak\u00e9 d\u011bti s naru\u0161enou komunika\u010dn\u00ed schopnost\u00ed. \u0160kola je z\u0159\u00edzena podle \u00a716 odst. 9 \u0161kolsk\u00e9ho z\u00e1kona. Budova \u0161koly je um\u00edst\u011bna v klidn\u00e9, okrajov\u00e9 \u010d\u00e1sti Brna. V\u00edce informac\u00ed &#8230;. Mate\u0159sk\u00e1 \u0161kola a z\u00e1kladn\u00ed &hellip;<\/p>\n<p class=\"read-more\"> <a class=\"\" href=\"https:\/\/ms.gellnerka.cz\/subdom\/ms\/\"> <span class=\"screen-reader-text\">\u00davodn\u00ed strana<\/span> Pokra\u010dovat ve \u010dten\u00ed &raquo;<\/a><\/p>\n","protected":false},"author":1,"featured_media":0,"parent":0,"menu_order":0,"comment_status":"closed","ping_status":"closed","template":"","meta":[],"_links":{"self":[{"href":"https:\/\/ms.gellnerka.cz\/subdom\/ms\/wp-json\/wp\/v2\/pages\/14"}],"collection":[{"href":"https:\/\/ms.gellnerka.cz\/subdom\/ms\/wp-json\/wp\/v2\/pages"}],"about":[{"href":"https:\/\/ms.gellnerka.cz\/subdom\/ms\/wp-json\/wp\/v2\/types\/page"}],"author":[{"embeddable":true,"href":"https:\/\/ms.gellnerka.cz\/subdom\/ms\/wp-json\/wp\/v2\/users\/1"}],"replies":[{"embeddable":true,"href":"https:\/\/ms.gellnerka.cz\/subdom\/ms\/wp-json\/wp\/v2\/comments?post=14"}],"version-history":[{"count":242,"href":"https:\/\/ms.gellnerka.cz\/subdom\/ms\/wp-json\/wp\/v2\/pages\/14\/revisions"}],"predecessor-version":[{"id":1818,"href":"https:\/\/ms.gellnerka.cz\/subdom\/ms\/wp-json\/wp\/v2\/pages\/14\/revisions\/1818"}],"wp:attachment":[{"href":"https:\/\/ms.gellnerka.cz\/subdom\/ms\/wp-json\/wp\/v2\/media?parent=14"}],"curies":[{"name":"wp","href":"https:\/\/api.w.org\/{rel}","templated":true}]}}