{"id":1259,"date":"2024-03-01T12:00:37","date_gmt":"2024-03-01T11:00:37","guid":{"rendered":"https:\/\/ms.gellnerka.cz\/subdom\/ms\/?page_id=1259"},"modified":"2024-03-01T12:00:37","modified_gmt":"2024-03-01T11:00:37","slug":"potravinova-pomoc-detem-v-socialni-nouzi-v-jihomoravskem-kraji","status":"publish","type":"page","link":"https:\/\/ms.gellnerka.cz\/subdom\/ms\/projekty-eu\/potravinova-pomoc-detem-v-socialni-nouzi-v-jihomoravskem-kraji\/","title":{"rendered":"Potravinov\u00e1 pomoc d\u011btem v soci\u00e1ln\u00ed nouzi v Jihomoravsk\u00e9m kraji"},"content":{"rendered":"<p><img loading=\"lazy\" class=\"alignnone wp-image-1260 size-large\" src=\"https:\/\/ms.gellnerka.cz\/subdom\/ms\/wp-content\/uploads\/2024\/03\/Potravinova-pomoc-1024x724.jpg\" alt=\"\" width=\"1024\" height=\"724\" srcset=\"https:\/\/ms.gellnerka.cz\/subdom\/ms\/wp-content\/uploads\/2024\/03\/Potravinova-pomoc-1024x724.jpg 1024w, https:\/\/ms.gellnerka.cz\/subdom\/ms\/wp-content\/uploads\/2024\/03\/Potravinova-pomoc-300x212.jpg 300w, https:\/\/ms.gellnerka.cz\/subdom\/ms\/wp-content\/uploads\/2024\/03\/Potravinova-pomoc-768x543.jpg 768w, https:\/\/ms.gellnerka.cz\/subdom\/ms\/wp-content\/uploads\/2024\/03\/Potravinova-pomoc.jpg 1190w\" sizes=\"(max-width: 1024px) 100vw, 1024px\" \/><\/p>\n","protected":false},"excerpt":{"rendered":"","protected":false},"author":1,"featured_media":0,"parent":303,"menu_order":0,"comment_status":"closed","ping_status":"closed","template":"","meta":[],"_links":{"self":[{"href":"https:\/\/ms.gellnerka.cz\/subdom\/ms\/wp-json\/wp\/v2\/pages\/1259"}],"collection":[{"href":"https:\/\/ms.gellnerka.cz\/subdom\/ms\/wp-json\/wp\/v2\/pages"}],"about":[{"href":"https:\/\/ms.gellnerka.cz\/subdom\/ms\/wp-json\/wp\/v2\/types\/page"}],"author":[{"embeddable":true,"href":"https:\/\/ms.gellnerka.cz\/subdom\/ms\/wp-json\/wp\/v2\/users\/1"}],"replies":[{"embeddable":true,"href":"https:\/\/ms.gellnerka.cz\/subdom\/ms\/wp-json\/wp\/v2\/comments?post=1259"}],"version-history":[{"count":1,"href":"https:\/\/ms.gellnerka.cz\/subdom\/ms\/wp-json\/wp\/v2\/pages\/1259\/revisions"}],"predecessor-version":[{"id":1261,"href":"https:\/\/ms.gellnerka.cz\/subdom\/ms\/wp-json\/wp\/v2\/pages\/1259\/revisions\/1261"}],"up":[{"embeddable":true,"href":"https:\/\/ms.gellnerka.cz\/subdom\/ms\/wp-json\/wp\/v2\/pages\/303"}],"wp:attachment":[{"href":"https:\/\/ms.gellnerka.cz\/subdom\/ms\/wp-json\/wp\/v2\/media?parent=1259"}],"curies":[{"name":"wp","href":"https:\/\/api.w.org\/{rel}","templated":true}]}}