{"id":1043,"date":"2023-05-17T12:47:36","date_gmt":"2023-05-17T10:47:36","guid":{"rendered":"http:\/\/ms.gellnerka.cz\/subdom\/ms\/?page_id=1043"},"modified":"2023-05-17T12:47:36","modified_gmt":"2023-05-17T10:47:36","slug":"evvo","status":"publish","type":"page","link":"https:\/\/ms.gellnerka.cz\/subdom\/ms\/evvo\/","title":{"rendered":"EVVO"},"content":{"rendered":"<p style=\"text-align: justify;\">Enviroment\u00e1ln\u00ed v\u00fdchova, vzd\u011bl\u00e1v\u00e1n\u00ed a osv\u011bta prob\u00edh\u00e1 ve v\u0161ech slo\u017ek\u00e1ch na\u0161\u00ed \u0161koly v r\u00e1mci pr\u016f\u0159ezov\u00fdch t\u00e9mat. Dot\u00fdk\u00e1 se v\u0161ech p\u0159edm\u011bt\u016f a v\u0161ech d\u011bt\u00ed, \u017e\u00e1k\u016f a student\u016f ve dvou budov\u00e1ch \u0161koly Gellnerka Brno.<\/p>\n<ul>\n<li><a href=\"https:\/\/ms.gellnerka.cz\/subdom\/ms\/wp-content\/uploads\/2023\/05\/EVVO.pdf\"><strong>INFORMACE K EVVO<\/strong><\/a>\u00a0[PDF]<\/li>\n<\/ul>\n","protected":false},"excerpt":{"rendered":"<p>Enviroment\u00e1ln\u00ed v\u00fdchova, vzd\u011bl\u00e1v\u00e1n\u00ed a osv\u011bta prob\u00edh\u00e1 ve v\u0161ech slo\u017ek\u00e1ch na\u0161\u00ed \u0161koly v r\u00e1mci pr\u016f\u0159ezov\u00fdch t\u00e9mat. Dot\u00fdk\u00e1 se v\u0161ech p\u0159edm\u011bt\u016f a v\u0161ech d\u011bt\u00ed, \u017e\u00e1k\u016f a student\u016f ve dvou budov\u00e1ch \u0161koly Gellnerka Brno. INFORMACE K EVVO\u00a0[PDF]<\/p>\n","protected":false},"author":1,"featured_media":0,"parent":0,"menu_order":0,"comment_status":"closed","ping_status":"closed","template":"","meta":[],"_links":{"self":[{"href":"https:\/\/ms.gellnerka.cz\/subdom\/ms\/wp-json\/wp\/v2\/pages\/1043"}],"collection":[{"href":"https:\/\/ms.gellnerka.cz\/subdom\/ms\/wp-json\/wp\/v2\/pages"}],"about":[{"href":"https:\/\/ms.gellnerka.cz\/subdom\/ms\/wp-json\/wp\/v2\/types\/page"}],"author":[{"embeddable":true,"href":"https:\/\/ms.gellnerka.cz\/subdom\/ms\/wp-json\/wp\/v2\/users\/1"}],"replies":[{"embeddable":true,"href":"https:\/\/ms.gellnerka.cz\/subdom\/ms\/wp-json\/wp\/v2\/comments?post=1043"}],"version-history":[{"count":1,"href":"https:\/\/ms.gellnerka.cz\/subdom\/ms\/wp-json\/wp\/v2\/pages\/1043\/revisions"}],"predecessor-version":[{"id":1045,"href":"https:\/\/ms.gellnerka.cz\/subdom\/ms\/wp-json\/wp\/v2\/pages\/1043\/revisions\/1045"}],"wp:attachment":[{"href":"https:\/\/ms.gellnerka.cz\/subdom\/ms\/wp-json\/wp\/v2\/media?parent=1043"}],"curies":[{"name":"wp","href":"https:\/\/api.w.org\/{rel}","templated":true}]}}